{"id":637,"date":"2022-06-14T15:43:15","date_gmt":"2022-06-14T13:43:15","guid":{"rendered":"https:\/\/www.copythek.de\/?page_id=637"},"modified":"2022-06-22T16:50:24","modified_gmt":"2022-06-22T14:50:24","slug":"datenanlieferung","status":"publish","type":"page","link":"https:\/\/www.copythek.de\/?page_id=637","title":{"rendered":"Datenanlieferung"},"content":{"rendered":"\n<p class=\"has-text-align-center\">F\u00fcr einen sicheren Produktionsablauf und ein optimales Druckergebnis <br>haben wir f\u00fcr Sie einige Hinweise zur Erstellung und Anlieferung Ihrer Druckdaten zusammengestellt.<\/p>\n\n\n\n<p><strong>Datenanlieferung<\/strong><br>\u2022 E-Mail: Datenmengen bis 20 MB k\u00f6nnen Sie uns per E-Mail senden.<br>\u2022 WeTransfer.com <br>\u2022 Datentr\u00e4ger: CD, DVD, USB-Stick<br>\u2022 Klappkarten immer als offnes Format (aufgeklappte Karte) mit jeweils einer<br>  Au\u00dfen und einer Innenseite liefern.<\/p>\n\n\n\n<p><\/p>\n\n\n\n<p><strong>Datenformate:<\/strong><\/p>\n\n\n\n<p>\u2022 <strong>PDF <\/strong><br>\u2022 Bildformate: JPG\/TIF\/BITMAP (200-300dpi Aufl\u00f6sung)<br>\u2022 EPS (Schriften in Pfade)<br>\u2022 AI (Schriften in Pfade)<br>\u2022 CDR (bis Version 21\/ Schriften in Pfade)<\/p>\n\n\n\n<p><\/p>\n\n\n\n<p>Alle Daten sollten im Format 1:1 angeliefert werden, um ein optimales Druckergebnis zu erzielen. Insbesondere bei Vergr\u00f6\u00dferungen ist die H\u00f6he der Aufl\u00f6sung und somit die Qualit\u00e4t der Daten entscheidend.<\/p>\n\n\n\n<p>Jede Bearbeitung unsererseits ist mit zus\u00e4tzlichen Kosten verbunden!<\/p>\n\n\n\n<p><\/p>\n\n\n\n<p><\/p>\n\n\n\n<p><strong>Beschnitt:<\/strong> <br>Im Digitaldruck haben die Ausdrucke DIN A4 \/ DIN A3 einen wei\u00dfen Rand. <br>Dieser Rand ist Technisch bedingt und l\u00e4sst sich nicht &#8222;ausschalten&#8220;.<br><strong>Wenn Sie Ihr Endprodukt randlos haben m\u00f6chten, <\/strong><br><strong>muss es beschnitten werden.<\/strong> <br><\/p>\n\n\n\n<p>\u2022 Bei Formatf\u00fcllenden Bildern und Grafiken muss zus\u00e4tzlich <br>  eine Beschnittzugabe von mindestens <strong>3 mm<\/strong> \u00fcber das <br>  Endformat hinaus angelegt werden.<br>\u2022 Schnittmarken<\/p>\n\n\n\n<p><\/p>\n\n\n\n<p><strong>Druckfarbraum:<\/strong><\/p>\n\n\n\n<p>Idealerweise erstellen Sie Ihre Daten im CMYK-Farbraum und liefern PDF-Dateien im CMYK-Farbraum. Der von uns verwendete CMYK &#8211; Profilstandard f\u00fcr die Ausgabe ist ECI ISO Coated V2. Alle eventuell eingebetteten Profile oder Rendering Intents in den Druckdateien werden verworfen, wobei es zu Farbver\u00e4nderungen kommen kann, wenn die Daten nicht im notwendigen Format angeliefert wurden.<\/p>\n\n\n\n<p>RGB \u2013 Daten werden von uns nach CMYK konvertiert. Bei RGB \u2013 Objekten bzw. Bildern kann generell keinerlei Gew\u00e4hr f\u00fcr die gew\u00fcnschte Farbe im Druck \u00fcbernommen werden, da die Interpretation von RGB nicht verbindlich erfolgen kann. F\u00fcr eingebettete Sonderfarben, wie z.B.&nbsp; HKS oder Pantone, kann bei der Konvertierung keine Garantie f\u00fcr eine perfekte Konvertierung \u00fcbernommen werden. Vollton-Druckfarben k\u00f6nnen im Solvent oder UV-Bereich nur aus CMYK-Farben zusammengesetzt werden.<\/p>\n\n\n\n<p>Bitte achten Sie auch darauf, dass der maximale Farbauftrag 300% nicht \u00fcberschreitet. Kontrollieren Sie bitte auch das \u00dcberdrucken von Farben.<br><br><strong>Bilder und Logos aus dem Internet<\/strong>:<\/p>\n\n\n\n<p>Generell sollten Sie darauf achten dass Sie keine Urheberrechte verletzen!<br>Sie als Auftraggeber haften!<br><\/p>\n\n\n\n<p><br><br><\/p>\n","protected":false},"excerpt":{"rendered":"<p>F\u00fcr einen sicheren Produktionsablauf und ein optimales Druckergebnis haben wir f\u00fcr Sie einige Hinweise zur Erstellung und Anlieferung Ihrer Druckdaten zusammengestellt. Datenanlieferung\u2022 E-Mail: Datenmengen bis 20 MB k\u00f6nnen Sie uns per E-Mail senden.\u2022 WeTransfer.com \u2022 Datentr\u00e4ger: CD, DVD, USB-Stick\u2022 Klappkarten immer als offnes Format (aufgeklappte Karte) mit jeweils einer Au\u00dfen und einer Innenseite liefern. Datenformate: [&hellip;]<\/p>\n","protected":false},"author":1,"featured_media":0,"parent":0,"menu_order":0,"comment_status":"closed","ping_status":"closed","template":"","meta":{"footnotes":""},"class_list":["post-637","page","type-page","status-publish","hentry"],"_links":{"self":[{"href":"https:\/\/www.copythek.de\/index.php?rest_route=\/wp\/v2\/pages\/637","targetHints":{"allow":["GET"]}}],"collection":[{"href":"https:\/\/www.copythek.de\/index.php?rest_route=\/wp\/v2\/pages"}],"about":[{"href":"https:\/\/www.copythek.de\/index.php?rest_route=\/wp\/v2\/types\/page"}],"author":[{"embeddable":true,"href":"https:\/\/www.copythek.de\/index.php?rest_route=\/wp\/v2\/users\/1"}],"replies":[{"embeddable":true,"href":"https:\/\/www.copythek.de\/index.php?rest_route=%2Fwp%2Fv2%2Fcomments&post=637"}],"version-history":[{"count":12,"href":"https:\/\/www.copythek.de\/index.php?rest_route=\/wp\/v2\/pages\/637\/revisions"}],"predecessor-version":[{"id":681,"href":"https:\/\/www.copythek.de\/index.php?rest_route=\/wp\/v2\/pages\/637\/revisions\/681"}],"wp:attachment":[{"href":"https:\/\/www.copythek.de\/index.php?rest_route=%2Fwp%2Fv2%2Fmedia&parent=637"}],"curies":[{"name":"wp","href":"https:\/\/api.w.org\/{rel}","templated":true}]}}