{"id":58,"date":"2022-02-23T16:41:41","date_gmt":"2022-02-23T15:41:41","guid":{"rendered":"http:\/\/neu.copythek.de\/?page_id=58"},"modified":"2026-01-08T13:47:40","modified_gmt":"2026-01-08T12:47:40","slug":"index","status":"publish","type":"page","link":"https:\/\/www.copythek.de\/","title":{"rendered":"Copythek Bensheim"},"content":{"rendered":"\n<p><\/p>\n\n\n\n<p class=\"has-text-align-center has-primary-dark-color has-text-color has-link-color wp-elements-370c35af59fcb92c6418fe2dfd950dae\"><strong>Seit 1990 sind wir Ihr Dienstleister an der Bergstra\u00dfe.<br>Ihr Partner f\u00fcr &#8222;kleine und gr\u00f6\u00dfere&#8220; Druckauftr\u00e4ge<br>f\u00fcr Privatkunden und Unternehmen<br>Auf \u00fcber 750m\u00b2 bieten wir Ihnen mehr als<br>nur den klassischen Copyshop!!<\/strong><\/p>\n\n\n\n<p class=\"has-primary-dark-color has-text-color has-link-color wp-elements-ac8e841ad16fb8748993d69557ae184e\"><\/p>\n\n\n\n<p><\/p>\n\n\n\n<figure class=\"wp-block-gallery has-nested-images columns-default is-cropped wp-block-gallery-1 is-layout-flex wp-block-gallery-is-layout-flex\">\n<figure class=\"wp-block-image size-full\"><img loading=\"lazy\" decoding=\"async\" width=\"600\" height=\"276\" data-id=\"760\" src=\"https:\/\/www.copythek.de\/wp-content\/uploads\/2023\/12\/workwear.jpg\" alt=\"\" class=\"wp-image-760\" srcset=\"https:\/\/www.copythek.de\/wp-content\/uploads\/2023\/12\/workwear.jpg 600w, https:\/\/www.copythek.de\/wp-content\/uploads\/2023\/12\/workwear-300x138.jpg 300w, https:\/\/www.copythek.de\/wp-content\/uploads\/2023\/12\/workwear-400x184.jpg 400w\" sizes=\"auto, (max-width: 600px) 100vw, 600px\" \/><\/figure>\n<\/figure>\n\n\n\n<p class=\"has-text-align-center has-medium-font-size\">Unsere Produkte\/Leistungen:<\/p>\n\n\n\n<p class=\"has-text-align-center\">Flyer &#8211; Brosch\u00fcren &#8211; Briefpapier &#8211; Visitenkarten &#8211; Facharbeiten &nbsp; &#8211; Lose Blatt-Sammlung &#8211; Prospekte &#8211; Hochzeitszeitungen &#8211; Festschriften &#8211; Schulungsunterlagen &#8211; Etiketten &#8211; Aufkleber&nbsp; &#8211; Diplomarbeiten &#8211; Handzettel &#8211; Men\u00fckarten&nbsp; &#8211; Bl\u00f6cke &#8211; Einladungskarten &#8211; bedruckte Textilien &#8211; Geschenkartikel &#8211; Displays &#8211; Poster \/ Plakate &#8211; Schilder &#8211; Banner &#8211; Laminierungen bis A0+ &#8211; Folienbeschriftungen &#8211; Parkplatzschilder &#8211; B\u00fcroartikel &#8211;  und vieles mehr&#8230;<\/p>\n\n\n\n<pre class=\"wp-block-verse has-text-align-center has-primary-dark-color has-text-color has-medium-font-size\" style=\"font-style:normal;font-weight:100\"><strong>Sie m\u00f6chten einen Auftrag erteilen?<\/strong><\/pre>\n\n\n\n<div class=\"wp-block-columns alignwide is-layout-flex wp-container-core-columns-is-layout-9d6595d7 wp-block-columns-is-layout-flex\">\n<div class=\"wp-block-column has-cyan-bluish-gray-background-color has-text-color has-background has-link-color wp-elements-aa497bed9fdd08fb8ce27791ab57d95a is-layout-flow wp-block-column-is-layout-flow\" style=\"color:#000000;padding-top:2em;padding-right:2em;padding-bottom:2em;padding-left:2em\">\n<p class=\"has-text-align-center has-primary-dark-color has-text-color has-normal-font-size\" style=\"line-height:1.5\"><strong>1. Informieren <\/strong><\/p>\n\n\n\n<hr class=\"wp-block-separator has-text-color has-primary-dark-color has-css-opacity has-primary-dark-background-color has-background is-style-wide\"\/>\n\n\n\n<figure class=\"wp-block-image aligncenter size-full is-style-rounded\"><img loading=\"lazy\" decoding=\"async\" width=\"210\" height=\"210\" src=\"https:\/\/www.copythek.de\/wp-content\/uploads\/2022\/02\/Character2.png\" alt=\"\" class=\"wp-image-101\" srcset=\"https:\/\/www.copythek.de\/wp-content\/uploads\/2022\/02\/Character2.png 210w, https:\/\/www.copythek.de\/wp-content\/uploads\/2022\/02\/Character2-150x150.png 150w\" sizes=\"auto, (max-width: 210px) 100vw, 210px\" \/><\/figure>\n\n\n\n<p class=\"has-text-align-center has-primary-dark-color has-text-color\"><strong>\u00fcber das Produkt, Preis<\/strong><br><strong>und die Druckdaten<\/strong>.<\/p>\n\n\n\n<div class=\"wp-block-buttons alignfull is-horizontal is-content-justification-center is-layout-flex wp-container-core-buttons-is-layout-499968f5 wp-block-buttons-is-layout-flex\">\n<div class=\"wp-block-button has-custom-width wp-block-button__width-100 is-style-outline is-style-outline--2\"><a class=\"wp-block-button__link has-gray-dark-color has-text-color wp-element-button\" style=\"border-radius:100px\"><mark style=\"background-color:rgba(0, 0, 0, 0)\" class=\"has-inline-color has-gray-dark-color\">info@copythek.de<\/mark><\/a><\/div>\n<\/div>\n<\/div>\n\n\n\n<div class=\"wp-block-column has-cyan-bluish-gray-background-color has-text-color has-background has-link-color wp-elements-99766d7007b04b7ac9bff5955072054e is-layout-flow wp-block-column-is-layout-flow\" style=\"color:#000000;padding-top:2em;padding-right:2em;padding-bottom:2em;padding-left:2em\">\n<p class=\"has-text-align-center has-primary-dark-color has-text-color has-normal-font-size\" style=\"line-height:1.5\"><strong>2.<\/strong> <strong>Daten schicken<\/strong><\/p>\n\n\n\n<hr class=\"wp-block-separator has-text-color has-primary-dark-color has-css-opacity has-primary-dark-background-color has-background is-style-wide\"\/>\n\n\n\n<figure class=\"wp-block-image aligncenter size-full is-style-rounded\"><img loading=\"lazy\" decoding=\"async\" width=\"210\" height=\"210\" src=\"https:\/\/www.copythek.de\/wp-content\/uploads\/2022\/02\/Character2.png\" alt=\"\" class=\"wp-image-101\" srcset=\"https:\/\/www.copythek.de\/wp-content\/uploads\/2022\/02\/Character2.png 210w, https:\/\/www.copythek.de\/wp-content\/uploads\/2022\/02\/Character2-150x150.png 150w\" sizes=\"auto, (max-width: 210px) 100vw, 210px\" \/><\/figure>\n\n\n\n<p class=\"has-text-align-center has-primary-dark-color has-text-color\"><strong>Per E-Mail <\/strong><\/p>\n\n\n\n<p class=\"has-text-align-center has-primary-dark-color has-text-color\"><strong>oder FTP<\/strong><\/p>\n\n\n\n<div class=\"wp-block-buttons alignfull is-horizontal is-content-justification-center is-layout-flex wp-container-core-buttons-is-layout-499968f5 wp-block-buttons-is-layout-flex\">\n<div class=\"wp-block-button has-custom-width wp-block-button__width-100 is-style-outline is-style-outline--3\"><a class=\"wp-block-button__link has-gray-dark-color has-text-color wp-element-button\" href=\"mailto:info@copythek.de\" target=\"_blank\" rel=\"noreferrer noopener\"><mark style=\"background-color:rgba(0, 0, 0, 0)\" class=\"has-inline-color has-gray-dark-color\">info@copythek.de<\/mark><\/a><\/div>\n<\/div>\n<\/div>\n\n\n\n<div class=\"wp-block-column has-cyan-bluish-gray-background-color has-text-color has-background has-link-color wp-elements-e6f2906ee8041493cdc6556fffa653f7 is-layout-flow wp-block-column-is-layout-flow\" style=\"color:#000000;padding-top:2em;padding-right:2em;padding-bottom:2em;padding-left:2em\">\n<p class=\"has-text-align-center has-primary-dark-color has-text-color has-normal-font-size\"><strong>3. Fertiges Produkt<\/strong><\/p>\n\n\n\n<hr class=\"wp-block-separator has-text-color has-primary-dark-color has-css-opacity has-primary-dark-background-color has-background is-style-wide\"\/>\n\n\n\n<figure class=\"wp-block-image aligncenter size-full is-style-rounded\"><img loading=\"lazy\" decoding=\"async\" width=\"210\" height=\"210\" src=\"https:\/\/www.copythek.de\/wp-content\/uploads\/2022\/02\/Character3.png\" alt=\"\" class=\"wp-image-41\" srcset=\"https:\/\/www.copythek.de\/wp-content\/uploads\/2022\/02\/Character3.png 210w, https:\/\/www.copythek.de\/wp-content\/uploads\/2022\/02\/Character3-150x150.png 150w\" sizes=\"auto, (max-width: 210px) 100vw, 210px\" \/><\/figure>\n\n\n\n<p class=\"has-text-align-center has-primary-dark-color has-text-color\"><strong>bei uns<\/strong><\/p>\n\n\n\n<p class=\"has-text-align-center has-primary-dark-color has-text-color\"> <strong>abholen<\/strong><\/p>\n\n\n\n<div class=\"wp-block-buttons alignfull is-horizontal is-layout-flex wp-block-buttons-is-layout-flex\">\n<div class=\"wp-block-button has-custom-width wp-block-button__width-100 is-style-outline is-style-outline--4\"><a class=\"wp-block-button__link has-gray-dark-color has-text-color wp-element-button\" href=\"https:\/\/www.google.com\/maps\/place\/Die+Copythek+-+the+Printhouse\/@49.6719388,8.6064583,15z\/data=!4m5!3m4!1s0x0:0xba32577da2cc314c!8m2!3d49.6719388!4d8.6064583\" style=\"border-radius:41px\" target=\"_blank\" rel=\"noreferrer noopener\"><mark style=\"background-color:rgba(0, 0, 0, 0)\" class=\"has-inline-color has-gray-dark-color\">Berliner Ring 25, 64625 Bensheim<\/mark><\/a><\/div>\n<\/div>\n<\/div>\n<\/div>\n\n\n\n<p><\/p>\n\n\n\n<p class=\"has-text-align-center has-medium-font-size\"><strong>Bitte beachten Sie, das wir keine Office-Dateien <\/strong>(Word, Powerpoint, Excel) <strong>bearbeiten oder drucken!<\/strong><\/p>\n\n\n\n<p class=\"has-text-align-center has-medium-font-size\"><br><strong>Druck ab PDF-Datei oder Bilddatei (JPG\/TIF)<\/strong> <\/p>\n\n\n\n<p class=\"has-text-align-center has-medium-font-size\"><br>Bitte beachten Sie, das jegliche Bearbeitung von Dateien <br>mit zus\u00e4tzlichen Kosten verbunden ist!<\/p>\n","protected":false},"excerpt":{"rendered":"<p>Seit 1990 sind wir Ihr Dienstleister an der Bergstra\u00dfe.Ihr Partner f\u00fcr &#8222;kleine und gr\u00f6\u00dfere&#8220; Druckauftr\u00e4gef\u00fcr Privatkunden und UnternehmenAuf \u00fcber 750m\u00b2 bieten wir Ihnen mehr alsnur den klassischen Copyshop!! Unsere Produkte\/Leistungen: Flyer &#8211; Brosch\u00fcren &#8211; Briefpapier &#8211; Visitenkarten &#8211; Facharbeiten &nbsp; &#8211; Lose Blatt-Sammlung &#8211; Prospekte &#8211; Hochzeitszeitungen &#8211; Festschriften &#8211; Schulungsunterlagen &#8211; Etiketten &#8211; Aufkleber&nbsp; [&hellip;]<\/p>\n","protected":false},"author":1,"featured_media":0,"parent":0,"menu_order":0,"comment_status":"closed","ping_status":"closed","template":"","meta":{"footnotes":""},"class_list":["post-58","page","type-page","status-publish","hentry"],"_links":{"self":[{"href":"https:\/\/www.copythek.de\/index.php?rest_route=\/wp\/v2\/pages\/58","targetHints":{"allow":["GET"]}}],"collection":[{"href":"https:\/\/www.copythek.de\/index.php?rest_route=\/wp\/v2\/pages"}],"about":[{"href":"https:\/\/www.copythek.de\/index.php?rest_route=\/wp\/v2\/types\/page"}],"author":[{"embeddable":true,"href":"https:\/\/www.copythek.de\/index.php?rest_route=\/wp\/v2\/users\/1"}],"replies":[{"embeddable":true,"href":"https:\/\/www.copythek.de\/index.php?rest_route=%2Fwp%2Fv2%2Fcomments&post=58"}],"version-history":[{"count":107,"href":"https:\/\/www.copythek.de\/index.php?rest_route=\/wp\/v2\/pages\/58\/revisions"}],"predecessor-version":[{"id":810,"href":"https:\/\/www.copythek.de\/index.php?rest_route=\/wp\/v2\/pages\/58\/revisions\/810"}],"wp:attachment":[{"href":"https:\/\/www.copythek.de\/index.php?rest_route=%2Fwp%2Fv2%2Fmedia&parent=58"}],"curies":[{"name":"wp","href":"https:\/\/api.w.org\/{rel}","templated":true}]}}