{"id":30,"date":"2022-02-23T10:41:00","date_gmt":"2022-02-23T09:41:00","guid":{"rendered":"http:\/\/neu.copythek.de\/?page_id=30"},"modified":"2023-12-08T17:51:09","modified_gmt":"2023-12-08T16:51:09","slug":"textildruck","status":"publish","type":"page","link":"https:\/\/www.copythek.de\/?page_id=30","title":{"rendered":"Textildruck"},"content":{"rendered":"\n<figure class=\"wp-block-image alignfull size-large\"><img loading=\"lazy\" decoding=\"async\" width=\"1024\" height=\"83\" src=\"https:\/\/www.copythek.de\/wp-content\/uploads\/2022\/03\/textiles-1-1024x83.png\" alt=\"\" class=\"wp-image-175\" srcset=\"https:\/\/www.copythek.de\/wp-content\/uploads\/2022\/03\/textiles-1-1024x83.png 1024w, https:\/\/www.copythek.de\/wp-content\/uploads\/2022\/03\/textiles-1-300x24.png 300w, https:\/\/www.copythek.de\/wp-content\/uploads\/2022\/03\/textiles-1-768x62.png 768w, https:\/\/www.copythek.de\/wp-content\/uploads\/2022\/03\/textiles-1-1536x124.png 1536w, https:\/\/www.copythek.de\/wp-content\/uploads\/2022\/03\/textiles-1-2048x165.png 2048w, https:\/\/www.copythek.de\/wp-content\/uploads\/2022\/03\/textiles-1-400x32.png 400w, https:\/\/www.copythek.de\/wp-content\/uploads\/2022\/03\/textiles-1-1920x155.png 1920w\" sizes=\"auto, (max-width: 1024px) 100vw, 1024px\" \/><\/figure>\n\n\n\n<h2 class=\"wp-block-heading\">I<strong>ndividuell bedruckte Textilien!<\/strong><\/h2>\n\n\n\n<pre class=\"wp-block-verse has-primary-dark-color has-text-color\"><strong>F\u00fcr jede Gelegenheit das Richtige zum Anziehen. <\/strong>\n<strong>Wir f\u00fchren eine gro\u00dfe Auswahl an Textilien und <\/strong>\n<strong>k\u00f6nnen Ihnen verschiedene Druckarten anbieten.<\/strong><\/pre>\n\n\n\n<p class=\"has-medium-font-size\"><strong>Wir beraten Sie gerne \u00fcber die M\u00f6glichkeiten.<\/strong><br><\/p>\n\n\n\n<p class=\"has-medium-font-size\"><strong><mark style=\"background-color:rgba(0, 0, 0, 0)\" class=\"has-inline-color has-primary-dark-color\">Vorteile f\u00fcr Sie<\/mark><\/strong><\/p>\n\n\n\n<div class=\"wp-block-columns is-layout-flex wp-container-core-columns-is-layout-9d6595d7 wp-block-columns-is-layout-flex\">\n<div class=\"wp-block-column is-layout-flow wp-block-column-is-layout-flow\">\n<ul class=\"wp-block-list\">\n<li><strong>Arbeitsbekleidung<\/strong><\/li>\n\n\n\n<li><strong>Vereinskleidung<\/strong><\/li>\n\n\n\n<li><strong>Fast alle Gr\u00f6\u00dfen <\/strong><\/li>\n\n\n\n<li><strong>kurze Produktionszeit <\/strong>** <\/li>\n\n\n\n<li><strong>Mengenrabatt <\/strong><\/li>\n\n\n\n<li><strong>hochwertige Marken <\/strong><\/li>\n\n\n\n<li><strong>Gestaltungsservice<\/strong> *** <\/li>\n\n\n\n<li><strong>Druck auch auf angelieferte Ware<\/strong> ****<\/li>\n<\/ul>\n<\/div>\n\n\n\n<div class=\"wp-block-column is-layout-flow wp-block-column-is-layout-flow\">\n<figure class=\"wp-block-image size-full is-style-default\"><img loading=\"lazy\" decoding=\"async\" width=\"650\" height=\"366\" src=\"https:\/\/www.copythek.de\/wp-content\/uploads\/2022\/03\/stickweb.png\" alt=\"\" class=\"wp-image-386\" srcset=\"https:\/\/www.copythek.de\/wp-content\/uploads\/2022\/03\/stickweb.png 650w, https:\/\/www.copythek.de\/wp-content\/uploads\/2022\/03\/stickweb-300x169.png 300w, https:\/\/www.copythek.de\/wp-content\/uploads\/2022\/03\/stickweb-400x225.png 400w\" sizes=\"auto, (max-width: 650px) 100vw, 650px\" \/><\/figure>\n<\/div>\n<\/div>\n\n\n\n<div class=\"wp-block-group is-layout-flow wp-block-group-is-layout-flow\"><\/div>\n\n\n\n<p class=\"has-text-align-center has-white-smoke-color has-primary-dark-background-color has-text-color has-background\"><strong>Senden Sie uns eine Anfrage per E-Mail<\/strong> <strong>mit den Druckdaten<br>und wir schicken Ihnen ein entsprechendes Angebot.<\/strong><\/p>\n\n\n\n<p class=\"has-primary-dark-color has-text-color\"><strong>Diese Druckverfahren bieten wir Ihnen an<\/strong><\/p>\n\n\n<p><strong>Sublimationsdruck, Tonertransferdruck, Flexdruck, <\/strong><br \/><strong>Bestickungen, Siebdruck, Direktdruck<\/strong><\/p>\n\n\n<div class=\"wp-block-columns is-layout-flex wp-container-core-columns-is-layout-9d6595d7 wp-block-columns-is-layout-flex\">\n<div class=\"wp-block-column is-layout-flow wp-block-column-is-layout-flow\" style=\"flex-basis:100%\">\n<div class=\"wp-block-group is-layout-flow wp-block-group-is-layout-flow\"><\/div>\n<\/div>\n<\/div>\n\n\n\n<p><strong>Preise erfahren Sie bei uns auf Anfrage.<\/strong><\/p>\n\n\n\n<p>Senden Sie uns eine Anfrage per E-Mail an <a href=\"mailto:\" data-type=\"mailto\" data-id=\"mailto:\">info@copythek.de<\/a>  mit den Druckdaten\/ Motiv und einem kleinen Text zu Ihren Vorstellungen. <br>Der Art des Textils, Farbe, Druckseite, St\u00fcckzahl etc<br>Wir machen Ihnen ein attraktives Angebot.<\/p>\n\n\n\n<figure class=\"wp-block-image size-full is-style-default\"><img loading=\"lazy\" decoding=\"async\" width=\"425\" height=\"282\" src=\"https:\/\/www.copythek.de\/wp-content\/uploads\/2022\/03\/textilien.jpg\" alt=\"\" class=\"wp-image-294\" srcset=\"https:\/\/www.copythek.de\/wp-content\/uploads\/2022\/03\/textilien.jpg 425w, https:\/\/www.copythek.de\/wp-content\/uploads\/2022\/03\/textilien-300x199.jpg 300w, https:\/\/www.copythek.de\/wp-content\/uploads\/2022\/03\/textilien-400x265.jpg 400w\" sizes=\"auto, (max-width: 425px) 100vw, 425px\" \/><\/figure>\n\n\n\n<p class=\"has-small-font-size\">* Abh\u00e4ngig von der Datei, der Aufl\u00f6sung und dem gew\u00e4hlten Druck. ** richtet sich nach der Auflage und dem gew\u00e4hlten Druck. *** Bei Gestaltung berechnen wir eine Pauschale. Bei aufwendiger Gestaltung behalten wir uns vor den regul\u00e4ren Stundensatz zu berechnen. **** nicht jedes Textil ist f\u00fcr jeden Druck geeignet. Wir beraten Sie gerne!<\/p>\n\n\n\n<p><\/p>\n\n\n\n<p><\/p>\n\n\n\n<figure class=\"wp-block-image aligncenter size-full\"><img loading=\"lazy\" decoding=\"async\" width=\"600\" height=\"276\" src=\"https:\/\/www.copythek.de\/wp-content\/uploads\/2023\/12\/workwear.jpg\" alt=\"\" class=\"wp-image-760\" srcset=\"https:\/\/www.copythek.de\/wp-content\/uploads\/2023\/12\/workwear.jpg 600w, https:\/\/www.copythek.de\/wp-content\/uploads\/2023\/12\/workwear-300x138.jpg 300w, https:\/\/www.copythek.de\/wp-content\/uploads\/2023\/12\/workwear-400x184.jpg 400w\" sizes=\"auto, (max-width: 600px) 100vw, 600px\" \/><\/figure>\n","protected":false},"excerpt":{"rendered":"<p>Individuell bedruckte Textilien! F\u00fcr jede Gelegenheit das Richtige zum Anziehen. Wir f\u00fchren eine gro\u00dfe Auswahl an Textilien und k\u00f6nnen Ihnen verschiedene Druckarten anbieten. Wir beraten Sie gerne \u00fcber die M\u00f6glichkeiten. Vorteile f\u00fcr Sie Senden Sie uns eine Anfrage per E-Mail mit den Druckdatenund wir schicken Ihnen ein entsprechendes Angebot. Diese Druckverfahren bieten wir Ihnen an [&hellip;]<\/p>\n","protected":false},"author":1,"featured_media":0,"parent":0,"menu_order":0,"comment_status":"closed","ping_status":"closed","template":"","meta":{"footnotes":""},"class_list":["post-30","page","type-page","status-publish","hentry"],"_links":{"self":[{"href":"https:\/\/www.copythek.de\/index.php?rest_route=\/wp\/v2\/pages\/30","targetHints":{"allow":["GET"]}}],"collection":[{"href":"https:\/\/www.copythek.de\/index.php?rest_route=\/wp\/v2\/pages"}],"about":[{"href":"https:\/\/www.copythek.de\/index.php?rest_route=\/wp\/v2\/types\/page"}],"author":[{"embeddable":true,"href":"https:\/\/www.copythek.de\/index.php?rest_route=\/wp\/v2\/users\/1"}],"replies":[{"embeddable":true,"href":"https:\/\/www.copythek.de\/index.php?rest_route=%2Fwp%2Fv2%2Fcomments&post=30"}],"version-history":[{"count":60,"href":"https:\/\/www.copythek.de\/index.php?rest_route=\/wp\/v2\/pages\/30\/revisions"}],"predecessor-version":[{"id":766,"href":"https:\/\/www.copythek.de\/index.php?rest_route=\/wp\/v2\/pages\/30\/revisions\/766"}],"wp:attachment":[{"href":"https:\/\/www.copythek.de\/index.php?rest_route=%2Fwp%2Fv2%2Fmedia&parent=30"}],"curies":[{"name":"wp","href":"https:\/\/api.w.org\/{rel}","templated":true}]}}