{"id":226,"date":"2022-03-14T11:36:59","date_gmt":"2022-03-14T10:36:59","guid":{"rendered":"http:\/\/neu.copythek.de\/?page_id=226"},"modified":"2023-09-26T16:16:48","modified_gmt":"2023-09-26T14:16:48","slug":"banner-aufkleber","status":"publish","type":"page","link":"https:\/\/www.copythek.de\/?page_id=226","title":{"rendered":"Werbung &#8211; Banner &#8211; Aufkleber &#8211; Beschriftungen"},"content":{"rendered":"\n<p><\/p>\n\n\n\n<p><\/p>\n\n\n\n<h2 class=\"wp-block-heading has-primary-dark-color has-text-color\">Banner<\/h2>\n\n\n\n<h4 class=\"wp-block-heading has-primary-dark-color has-text-color\">Wir bedrucken f\u00fcr Sie qualitativ hochwertige Banner im Digitaldruck nach Ihren Vorlagen.<\/h4>\n\n\n\n<p>Ob als Party-Banner f\u00fcr zu Hause oder die professionelle Werbung outdoor. <br>Ob als Heiratsantrag an einer Br\u00fccke oder als Botschaft an einem Bauger\u00fcst. <br><br>Unsere wetterfeste und widerstandsf\u00e4hige Plane vom Premiumhersteller <br>mit B1 Zertifizierung, eignet sich hervorragend f\u00fcr Werbung, Messen <br>im Innen- und Au\u00dfenbereich <br><br>Falls Sie Fragen haben bitte scheuen Sie sich nicht uns anzurufen oder eine Mail zu schreiben, wir helfen Ihnen gern weiter Ihr Wunschprojekt zu realisieren. <\/p>\n\n\n\n<p><br>\u2022 UV-Best\u00e4ndige PVC Banner mit B1 Zertifizierung<\/p>\n\n\n\n<p>\u2022 inkl. \u00d6sen<br><br><em>Preise erfahren Sie bei uns auf Anfrage<\/em>.<\/p>\n\n\n\n<div class=\"wp-block-columns is-layout-flex wp-container-core-columns-is-layout-9d6595d7 wp-block-columns-is-layout-flex\">\n<div class=\"wp-block-column is-layout-flow wp-block-column-is-layout-flow\">\n<figure class=\"wp-block-image size-full is-style-default\"><img loading=\"lazy\" decoding=\"async\" width=\"458\" height=\"284\" src=\"https:\/\/www.copythek.de\/wp-content\/uploads\/2022\/03\/Banner.png\" alt=\"\" class=\"wp-image-405\" srcset=\"https:\/\/www.copythek.de\/wp-content\/uploads\/2022\/03\/Banner.png 458w, https:\/\/www.copythek.de\/wp-content\/uploads\/2022\/03\/Banner-300x186.png 300w, https:\/\/www.copythek.de\/wp-content\/uploads\/2022\/03\/Banner-400x248.png 400w\" sizes=\"auto, (max-width: 458px) 100vw, 458px\" \/><figcaption class=\"wp-element-caption\">PVC Banner<\/figcaption><\/figure>\n<\/div>\n\n\n\n<div class=\"wp-block-column is-layout-flow wp-block-column-is-layout-flow\">\n<figure class=\"wp-block-image size-full is-style-default\"><img loading=\"lazy\" decoding=\"async\" width=\"458\" height=\"284\" src=\"https:\/\/www.copythek.de\/wp-content\/uploads\/2022\/03\/Mesh.png\" alt=\"\" class=\"wp-image-406\" srcset=\"https:\/\/www.copythek.de\/wp-content\/uploads\/2022\/03\/Mesh.png 458w, https:\/\/www.copythek.de\/wp-content\/uploads\/2022\/03\/Mesh-300x186.png 300w, https:\/\/www.copythek.de\/wp-content\/uploads\/2022\/03\/Mesh-400x248.png 400w\" sizes=\"auto, (max-width: 458px) 100vw, 458px\" \/><figcaption class=\"wp-element-caption\">Mesh-Banner<\/figcaption><\/figure>\n<\/div>\n<\/div>\n\n\n\n<hr class=\"wp-block-separator has-text-color has-primary-dark-color has-css-opacity has-primary-dark-background-color has-background aligncenter is-style-default\"\/>\n\n\n\n<h2 class=\"wp-block-heading has-primary-dark-color has-text-color\">Aufkleber<\/h2>\n\n\n\n<h3 class=\"wp-block-heading\">Folienbeschriftung zur Selbstanbringung oder inkl. Montage<\/h3>\n\n\n\n<p>Gedruckte Aufkleber oder geplottete Folienbeschriftungen \u2013 ob dekorativ oder als Werbemittel, unsere lichtechten, witterungsbest\u00e4ndigen Markenfolien sind die L\u00f6sung f\u00fcr den Au\u00dfenbereich.<\/p>\n\n\n\n<p><br>\u2022 UV-Best\u00e4ndige hochwertige Klebefolien von <strong>Orafol<\/strong><br><br><em>Preise erfahren Sie auf Anfrage.<\/em><\/p>\n\n\n\n<p><\/p>\n\n\n\n<figure class=\"wp-block-image size-large\"><img loading=\"lazy\" decoding=\"async\" width=\"1024\" height=\"414\" src=\"https:\/\/www.copythek.de\/wp-content\/uploads\/2023\/09\/beschriftung-1-1024x414.jpg\" alt=\"\" class=\"wp-image-741\" srcset=\"https:\/\/www.copythek.de\/wp-content\/uploads\/2023\/09\/beschriftung-1-1024x414.jpg 1024w, https:\/\/www.copythek.de\/wp-content\/uploads\/2023\/09\/beschriftung-1-300x121.jpg 300w, https:\/\/www.copythek.de\/wp-content\/uploads\/2023\/09\/beschriftung-1-768x310.jpg 768w, https:\/\/www.copythek.de\/wp-content\/uploads\/2023\/09\/beschriftung-1-1536x621.jpg 1536w, https:\/\/www.copythek.de\/wp-content\/uploads\/2023\/09\/beschriftung-1-400x162.jpg 400w, https:\/\/www.copythek.de\/wp-content\/uploads\/2023\/09\/beschriftung-1.jpg 1806w\" sizes=\"auto, (max-width: 1024px) 100vw, 1024px\" \/><\/figure>\n\n\n\n<hr class=\"wp-block-separator has-text-color has-primary-dark-color has-css-opacity has-primary-dark-background-color has-background is-style-default\"\/>\n\n\n\n<p><\/p>\n\n\n\n<p><\/p>\n\n\n\n<h2 class=\"wp-block-heading has-primary-dark-color has-text-color\">Schilder<\/h2>\n\n\n\n<h3 class=\"wp-block-heading\">Hochwertige Alu-Verbundschilder<\/h3>\n\n\n\n<p><\/p>\n\n\n\n<p>Wir fertigen Firmenschilder bzw. Werbe- oder Hinweisschilder aus verschiedenen Materialien und in unterschiedlichsten Druckverfahren. Vom einfachen Eingangsschild bis hin zur Firmenschild. <\/p>\n\n\n\n<ul class=\"wp-block-list\">\n<li>Hochwertiges Alu-Verbund * <\/li>\n\n\n\n<li>Witterungsbest\u00e4ndig inkl. Schutzlack ** <\/li>\n\n\n\n<li>UV-Best\u00e4ndig hochwertige Folien<\/li>\n<\/ul>\n\n\n\n<p><br><br><em>Preise erfahren Sie bei uns auf Anfrage.<\/em><\/p>\n\n\n\n<figure class=\"wp-block-image size-full is-style-default\"><img loading=\"lazy\" decoding=\"async\" width=\"569\" height=\"304\" src=\"https:\/\/www.copythek.de\/wp-content\/uploads\/2022\/03\/Schilder_mobile.png\" alt=\"\" class=\"wp-image-408\" srcset=\"https:\/\/www.copythek.de\/wp-content\/uploads\/2022\/03\/Schilder_mobile.png 569w, https:\/\/www.copythek.de\/wp-content\/uploads\/2022\/03\/Schilder_mobile-300x160.png 300w, https:\/\/www.copythek.de\/wp-content\/uploads\/2022\/03\/Schilder_mobile-400x214.png 400w\" sizes=\"auto, (max-width: 569px) 100vw, 569px\" \/><\/figure>\n\n\n\n<p><\/p>\n","protected":false},"excerpt":{"rendered":"<p>Banner Wir bedrucken f\u00fcr Sie qualitativ hochwertige Banner im Digitaldruck nach Ihren Vorlagen. Ob als Party-Banner f\u00fcr zu Hause oder die professionelle Werbung outdoor. Ob als Heiratsantrag an einer Br\u00fccke oder als Botschaft an einem Bauger\u00fcst. Unsere wetterfeste und widerstandsf\u00e4hige Plane vom Premiumhersteller mit B1 Zertifizierung, eignet sich hervorragend f\u00fcr Werbung, Messen im Innen- und [&hellip;]<\/p>\n","protected":false},"author":1,"featured_media":0,"parent":0,"menu_order":0,"comment_status":"closed","ping_status":"closed","template":"","meta":{"footnotes":""},"class_list":["post-226","page","type-page","status-publish","hentry"],"_links":{"self":[{"href":"https:\/\/www.copythek.de\/index.php?rest_route=\/wp\/v2\/pages\/226","targetHints":{"allow":["GET"]}}],"collection":[{"href":"https:\/\/www.copythek.de\/index.php?rest_route=\/wp\/v2\/pages"}],"about":[{"href":"https:\/\/www.copythek.de\/index.php?rest_route=\/wp\/v2\/types\/page"}],"author":[{"embeddable":true,"href":"https:\/\/www.copythek.de\/index.php?rest_route=\/wp\/v2\/users\/1"}],"replies":[{"embeddable":true,"href":"https:\/\/www.copythek.de\/index.php?rest_route=%2Fwp%2Fv2%2Fcomments&post=226"}],"version-history":[{"count":33,"href":"https:\/\/www.copythek.de\/index.php?rest_route=\/wp\/v2\/pages\/226\/revisions"}],"predecessor-version":[{"id":742,"href":"https:\/\/www.copythek.de\/index.php?rest_route=\/wp\/v2\/pages\/226\/revisions\/742"}],"wp:attachment":[{"href":"https:\/\/www.copythek.de\/index.php?rest_route=%2Fwp%2Fv2%2Fmedia&parent=226"}],"curies":[{"name":"wp","href":"https:\/\/api.w.org\/{rel}","templated":true}]}}